{"id":174,"date":"2012-04-11T01:55:16","date_gmt":"2012-04-11T06:55:16","guid":{"rendered":"http:\/\/www.programasperu.com\/ipod-iphone-apps\/?page_id=174"},"modified":"2012-11-19T17:19:37","modified_gmt":"2012-11-19T22:19:37","slug":"perfil","status":"publish","type":"page","link":"https:\/\/www.programasperu.com\/ipod-iphone-apps\/perfil","title":{"rendered":"Perfil"},"content":{"rendered":"<p>Programas Per\u00fa combina talento creativo y expertise t\u00e9cnica para elaborar software en la plataforma iPhone. Nuestro equipo de ingenieros hace de cada lanzamiento una aplicaci\u00f3n amena y f\u00e1cil de usar, cada detalle es revisado minuciosamente.<\/p>\n<p>Realizamos aplicaciones diversas, as\u00ed que no dude en contactarnos si quiere enviarnos una idea o discutir alg\u00fan proyecto.<\/p>\n<p>Las tecnolog\u00edas del iPhone ofrecen un incre\u00edble potencial para nuevas aplicaciones. Mientras lee esto estamos desarrollando varias ideas nuevas las cuales ser\u00e1n difundidas en las pr\u00f3ximas semanas.<\/p>\n<p>Programas Per\u00fa es un estudio independiente enfocado en crear aplicaciones para la plataforma iOS, creamos soluciones que se integran totalmente con iPhone OS X y la web.<\/p>\n","protected":false},"excerpt":{"rendered":"<p>Programas Per\u00fa combina talento creativo y expertise t\u00e9cnica para elaborar software en la plataforma iPhone. Nuestro equipo de ingenieros hace de cada lanzamiento una aplicaci\u00f3n amena y f\u00e1cil de usar, cada detalle es revisado minuciosamente. Realizamos aplicaciones diversas, as\u00ed que no dude en contactarnos si quiere enviarnos una idea o discutir alg\u00fan proyecto. Las tecnolog\u00edas&hellip;<\/p>\n<p class=\"read-more\"><a class=\"readmore-btn\" href=\"https:\/\/www.programasperu.com\/ipod-iphone-apps\/perfil\">Read More<span class=\"screen-reader-text\"> Read More<\/span><\/a><\/p>\n","protected":false},"author":2,"featured_media":0,"parent":0,"menu_order":0,"comment_status":"closed","ping_status":"closed","template":"","meta":{"footnotes":""},"class_list":["post-174","page","type-page","status-publish"],"_links":{"self":[{"href":"https:\/\/www.programasperu.com\/ipod-iphone-apps\/wp-json\/wp\/v2\/pages\/174","targetHints":{"allow":["GET"]}}],"collection":[{"href":"https:\/\/www.programasperu.com\/ipod-iphone-apps\/wp-json\/wp\/v2\/pages"}],"about":[{"href":"https:\/\/www.programasperu.com\/ipod-iphone-apps\/wp-json\/wp\/v2\/types\/page"}],"author":[{"embeddable":true,"href":"https:\/\/www.programasperu.com\/ipod-iphone-apps\/wp-json\/wp\/v2\/users\/2"}],"replies":[{"embeddable":true,"href":"https:\/\/www.programasperu.com\/ipod-iphone-apps\/wp-json\/wp\/v2\/comments?post=174"}],"version-history":[{"count":0,"href":"https:\/\/www.programasperu.com\/ipod-iphone-apps\/wp-json\/wp\/v2\/pages\/174\/revisions"}],"wp:attachment":[{"href":"https:\/\/www.programasperu.com\/ipod-iphone-apps\/wp-json\/wp\/v2\/media?parent=174"}],"curies":[{"name":"wp","href":"https:\/\/api.w.org\/{rel}","templated":true}]}}