{"id":2426,"date":"2012-02-28T22:17:48","date_gmt":"2012-02-29T03:17:48","guid":{"rendered":"http:\/\/programasperu.com\/boulevard-asia\/?page_id=2426"},"modified":"2019-01-26T16:36:28","modified_gmt":"2019-01-26T21:36:28","slug":"preguntas-frecuentes","status":"publish","type":"page","link":"https:\/\/www.programasperu.com\/boulevard-asia\/preguntas-frecuentes","title":{"rendered":"Preguntas Frecuentes"},"content":{"rendered":"<p><strong>Al ingresar al aplicativo por primera vez, no activ\u00e9 la localizaci\u00f3n, \u00bfahora como lo activo?<\/strong><\/p>\n<p>Desde la relaci\u00f3n de programas, hay uno que viene precargado llamado \u201cAjustes\u201d (desde donde se configura el sonido o brillo por ejemplo), luego se debe elegir \u201cGeneral\u201d y despu\u00e9s \u201cLocalizaci\u00f3n\u201d, ah\u00ed aparece la relaci\u00f3n de aplicaciones que pueden hacer uso de la ubicaci\u00f3n del dispositivo, entre ellas la nuestra, la cual pueden activar.<\/p>\n<p><strong>Conozco un establecimiento nuevo, \u00bfC\u00f3mo hago para a\u00f1adirlo?, \u00bfHay alg\u00fan costo?<\/strong><\/p>\n<p>Para que podamos a\u00f1adirlo, necesitamos que nos brinde todos los datos posibles que conozca del mismo desde el siguiente formulario para notificar de un <a href=\"https:\/\/www.programasperu.com\/boulevard-asia\/nuevo-local\">nuevo local<\/a>, en cuanto lo recibamos verificaremos los datos y si todo esta correcto lo incluiremos lo m\u00e1s pronto posible, no existe ning\u00fan costo para que realicemos la publicaci\u00f3n del mismo.<\/p>\n<p><strong>He identificado un establecimiento que ya no est\u00e1 funcionando, \u00bfC\u00f3mo lo reporto?.<\/strong><\/p>\n<p>Por favor escr\u00edbanos a <a href=\"mailto:info@programasperu.com\">info@programasperu.com<\/a>, o\u00a0inf\u00f3rmanos desde\u00a0el\u00a0<a href=\"https:\/\/www.programasperu.com\/boulevard-asia\/local-cerrado\">siguiente formulario<\/a>, \u00a0verificaremos lo indicado y procederemos a realizar la actualizaci\u00f3n necesaria.<\/p>\n<p><strong>He encontrado una rese\u00f1a o unos datos que considero que deben actualizarse, \u00bfQu\u00e9 puedo hacer?.<\/strong><\/p>\n<p>Por favor escr\u00edbanos a info@programasperu.com, o ingrese al <a href=\"https:\/\/www.programasperu.com\/boulevard-asia\/actulizacion-de-datos\">formulario de actualizaci\u00f3n <\/a>y env\u00edenos los datos encontrados.<\/p>\n<p><strong>Mi consulta no se encuentra en esta lista, \u00bfD\u00f3nde puedo encontrar la respuesta?<\/strong><\/p>\n<p>Por favor escr\u00edbanos a info@programasperu.com colocando como asunto \u00abAsia Lima\u201d, esperamos sus consultas o sugerencias.<\/p>\n","protected":false},"excerpt":{"rendered":"<p>Al ingresar al aplicativo por primera vez, no activ\u00e9 la localizaci\u00f3n, \u00bfahora como lo activo? Desde la relaci\u00f3n de programas, hay uno que viene precargado llamado \u201cAjustes\u201d (desde donde se configura el sonido o brillo por ejemplo), luego se debe &hellip; <a href=\"https:\/\/www.programasperu.com\/boulevard-asia\/preguntas-frecuentes\">Sigue leyendo <span class=\"meta-nav\">&rarr;<\/span><\/a><\/p>\n","protected":false},"author":11,"featured_media":0,"parent":0,"menu_order":0,"comment_status":"closed","ping_status":"closed","template":"","meta":{"footnotes":""},"class_list":["post-2426","page","type-page","status-publish","hentry"],"_links":{"self":[{"href":"https:\/\/www.programasperu.com\/boulevard-asia\/wp-json\/wp\/v2\/pages\/2426","targetHints":{"allow":["GET"]}}],"collection":[{"href":"https:\/\/www.programasperu.com\/boulevard-asia\/wp-json\/wp\/v2\/pages"}],"about":[{"href":"https:\/\/www.programasperu.com\/boulevard-asia\/wp-json\/wp\/v2\/types\/page"}],"author":[{"embeddable":true,"href":"https:\/\/www.programasperu.com\/boulevard-asia\/wp-json\/wp\/v2\/users\/11"}],"replies":[{"embeddable":true,"href":"https:\/\/www.programasperu.com\/boulevard-asia\/wp-json\/wp\/v2\/comments?post=2426"}],"version-history":[{"count":0,"href":"https:\/\/www.programasperu.com\/boulevard-asia\/wp-json\/wp\/v2\/pages\/2426\/revisions"}],"wp:attachment":[{"href":"https:\/\/www.programasperu.com\/boulevard-asia\/wp-json\/wp\/v2\/media?parent=2426"}],"curies":[{"name":"wp","href":"https:\/\/api.w.org\/{rel}","templated":true}]}}